{"id":8,"date":"2016-12-04T14:06:09","date_gmt":"2016-12-04T14:06:09","guid":{"rendered":"http:\/\/xn--hausarztpraxis-am-mhlenfliess-3bd.de\/?page_id=8"},"modified":"2026-03-25T07:34:49","modified_gmt":"2026-03-25T06:34:49","slug":"unser-team","status":"publish","type":"page","link":"https:\/\/xn--hausarztpraxis-am-mhlenfliess-3bd.de\/?page_id=8","title":{"rendered":"Team"},"content":{"rendered":"<p><strong>Unser Praxisteam &#8211; Geschultes Fachpersonal f\u00fcr Ihre Gesundheit<\/strong><\/p>\n<p><strong>\u00a0<\/strong><\/p>\n<p><img loading=\"lazy\" decoding=\"async\" class=\"alignleft wp-image-489 size-medium\" src=\"https:\/\/xn--hausarztpraxis-am-mhlenfliess-3bd.de\/wp-content\/uploads\/2022\/01\/wei013-scaled-e1641120165910-300x248.jpg\" alt=\"\" width=\"300\" height=\"248\" srcset=\"https:\/\/xn--hausarztpraxis-am-mhlenfliess-3bd.de\/wp-content\/uploads\/2022\/01\/wei013-scaled-e1641120165910-300x248.jpg 300w, https:\/\/xn--hausarztpraxis-am-mhlenfliess-3bd.de\/wp-content\/uploads\/2022\/01\/wei013-scaled-e1641120165910-1024x845.jpg 1024w, https:\/\/xn--hausarztpraxis-am-mhlenfliess-3bd.de\/wp-content\/uploads\/2022\/01\/wei013-scaled-e1641120165910-768x634.jpg 768w, https:\/\/xn--hausarztpraxis-am-mhlenfliess-3bd.de\/wp-content\/uploads\/2022\/01\/wei013-scaled-e1641120165910-1536x1268.jpg 1536w, https:\/\/xn--hausarztpraxis-am-mhlenfliess-3bd.de\/wp-content\/uploads\/2022\/01\/wei013-scaled-e1641120165910-2048x1691.jpg 2048w, https:\/\/xn--hausarztpraxis-am-mhlenfliess-3bd.de\/wp-content\/uploads\/2022\/01\/wei013-scaled-e1641120165910-624x515.jpg 624w\" sizes=\"auto, (max-width: 300px) 100vw, 300px\" \/><\/p>\n<p><strong>Dr. med. Katharina Weinert<\/strong><\/p>\n<p>Seit 2016 bin ich Fach\u00e4rztin f\u00fcr Allgemeinmedizin und habe\u00a0 im M\u00e4rz 2017 diese Praxis in Fredersdorf gegr\u00fcndet, welche ich seit dem immer noch mit gro\u00dfer Begeisterung f\u00fcr meine haus\u00e4rztliche T\u00e4tigkeit und hoffentlich im Sinne unserer PatientInnen f\u00fchre.<\/p>\n<p>Neben meiner fachlichen Arbeit, engagiere ich mich auch berufspolitisch.\u00a0 In der Landes\u00e4rztekammer Brandenburg bin ich u.a. als Mitglied im Ausschuss f\u00fcr Weiterbildung (2021-2026), in der Kassen\u00e4rztlichen Vereinigung Brandenburg als Mitglied der Vertreterversammlung und im Brandenburger Haus\u00e4rzteverband im Vorstand als stellvertretende Vorsitzende (2021-2025) ehrenamtlich t\u00e4tig. Dar\u00fcber hinaus bin ich Mitglied in der Deutschen Gesellschaft f\u00fcr Allgemeinmedizin (DEGAM). Unsere Praxis ist eine DEGAM-Hospitationspraxis sowie Lehrpraxis der Medizinischen Hochschule Brandenburg und bildet \u00c4rzte und Studierende aus.<\/p>\n<p><img loading=\"lazy\" decoding=\"async\" class=\"wp-image-491 size-medium alignleft\" src=\"https:\/\/xn--hausarztpraxis-am-mhlenfliess-3bd.de\/wp-content\/uploads\/2022\/01\/wei015-scaled-e1641120234723-300x262.jpg\" alt=\"\" width=\"300\" height=\"262\" srcset=\"https:\/\/xn--hausarztpraxis-am-mhlenfliess-3bd.de\/wp-content\/uploads\/2022\/01\/wei015-scaled-e1641120234723-300x262.jpg 300w, https:\/\/xn--hausarztpraxis-am-mhlenfliess-3bd.de\/wp-content\/uploads\/2022\/01\/wei015-scaled-e1641120234723-1024x894.jpg 1024w, https:\/\/xn--hausarztpraxis-am-mhlenfliess-3bd.de\/wp-content\/uploads\/2022\/01\/wei015-scaled-e1641120234723-768x670.jpg 768w, https:\/\/xn--hausarztpraxis-am-mhlenfliess-3bd.de\/wp-content\/uploads\/2022\/01\/wei015-scaled-e1641120234723-1536x1340.jpg 1536w, https:\/\/xn--hausarztpraxis-am-mhlenfliess-3bd.de\/wp-content\/uploads\/2022\/01\/wei015-scaled-e1641120234723-624x544.jpg 624w, https:\/\/xn--hausarztpraxis-am-mhlenfliess-3bd.de\/wp-content\/uploads\/2022\/01\/wei015-scaled-e1641120234723.jpg 2009w\" sizes=\"auto, (max-width: 300px) 100vw, 300px\" \/><\/p>\n<p><strong>Dr. med. univ. Franziska Martin\u00a0<\/strong><\/p>\n<p class=\"p2\"><span class=\"s1\">Nach dem Abschluss meines Medizinstudiums in Wien im Jahr 2012, habe ich bis Februar 2019 auf einer Station f\u00fcr Innere Medizin mit Schwerpunkt Gastroenterologie in Oranienburg gearbeitet und dabei ein gro\u00dfes Interesse f\u00fcr Erkrankungen des Magen-Darm-Trakts, der Leber und der Bauchspeicheldr\u00fcse entwickelt.\u00a0<\/span><span class=\"s1\">Seit September 2019 bin ich als \u00c4rztin in der Praxis t\u00e4tig und seit April 2021, nach meiner Weiterbildung bei Frau Dr. med. Weinert, Fach\u00e4rztin f\u00fcr Allgemeinmedizin.\u00a0<\/span><span class=\"s1\">Ich bin sehr gl\u00fccklich Teil dieses wunderbaren Teams dieser Praxis zu sein und freue mich, Sie als Haus\u00e4rztin zu betreuen. <\/span><span class=\"s1\">Ich bin Mitglied der Deutschen Gesellschaft f\u00fcr Allgemeinmedizin (DEGAM) und des Brandenburger Haus\u00e4rzteverbandes.\u00a0<\/span><\/p>\n<p><img loading=\"lazy\" decoding=\"async\" class=\"alignleft wp-image-497 size-medium\" src=\"https:\/\/xn--hausarztpraxis-am-mhlenfliess-3bd.de\/wp-content\/uploads\/2022\/01\/wei030-scaled-e1641119877808-300x267.jpg\" alt=\"\" width=\"300\" height=\"267\" srcset=\"https:\/\/xn--hausarztpraxis-am-mhlenfliess-3bd.de\/wp-content\/uploads\/2022\/01\/wei030-scaled-e1641119877808-300x267.jpg 300w, https:\/\/xn--hausarztpraxis-am-mhlenfliess-3bd.de\/wp-content\/uploads\/2022\/01\/wei030-scaled-e1641119877808-1024x911.jpg 1024w, https:\/\/xn--hausarztpraxis-am-mhlenfliess-3bd.de\/wp-content\/uploads\/2022\/01\/wei030-scaled-e1641119877808-768x683.jpg 768w, https:\/\/xn--hausarztpraxis-am-mhlenfliess-3bd.de\/wp-content\/uploads\/2022\/01\/wei030-scaled-e1641119877808-1536x1366.jpg 1536w, https:\/\/xn--hausarztpraxis-am-mhlenfliess-3bd.de\/wp-content\/uploads\/2022\/01\/wei030-scaled-e1641119877808-624x555.jpg 624w, https:\/\/xn--hausarztpraxis-am-mhlenfliess-3bd.de\/wp-content\/uploads\/2022\/01\/wei030-scaled-e1641119877808.jpg 2028w\" sizes=\"auto, (max-width: 300px) 100vw, 300px\" \/> <strong>Schwester Stefanie<\/strong><\/p>\n<p>Meine Ausbildung zur Krankenschwester habe ich 2003 erfolgreich an einer medizinischen Fachhochschule absolviert. Danach konnte ich meine Erfahrungen in verschiedenen Fachbereichen erweitern. Inzwischen habe ich erfolgreich die Weiterbildung zur nicht-\u00e4rztlichen Praxisassistentin absolviert. Ich bin in der Praxis und bei Hausbesuchen stets f\u00fcr sie da.<\/p>\n<p>&nbsp;<\/p>\n<p>&nbsp;<\/p>\n<p><img loading=\"lazy\" decoding=\"async\" class=\"alignleft wp-image-496 \" style=\"margin-top: 0.857143rem; margin-right: 1.71429rem; margin-bottom: 0.857143rem;\" src=\"https:\/\/xn--hausarztpraxis-am-mhlenfliess-3bd.de\/wp-content\/uploads\/2022\/01\/wei029-scaled-e1641119810590-300x277.jpg\" alt=\"\" width=\"295\" height=\"272\" srcset=\"https:\/\/xn--hausarztpraxis-am-mhlenfliess-3bd.de\/wp-content\/uploads\/2022\/01\/wei029-scaled-e1641119810590-300x277.jpg 300w, https:\/\/xn--hausarztpraxis-am-mhlenfliess-3bd.de\/wp-content\/uploads\/2022\/01\/wei029-scaled-e1641119810590-1024x945.jpg 1024w, https:\/\/xn--hausarztpraxis-am-mhlenfliess-3bd.de\/wp-content\/uploads\/2022\/01\/wei029-scaled-e1641119810590-768x709.jpg 768w, https:\/\/xn--hausarztpraxis-am-mhlenfliess-3bd.de\/wp-content\/uploads\/2022\/01\/wei029-scaled-e1641119810590-1536x1418.jpg 1536w, https:\/\/xn--hausarztpraxis-am-mhlenfliess-3bd.de\/wp-content\/uploads\/2022\/01\/wei029-scaled-e1641119810590-624x576.jpg 624w, https:\/\/xn--hausarztpraxis-am-mhlenfliess-3bd.de\/wp-content\/uploads\/2022\/01\/wei029-scaled-e1641119810590.jpg 2003w\" sizes=\"auto, (max-width: 295px) 100vw, 295px\" \/><\/p>\n<p>&nbsp;<\/p>\n<p><strong>Schwester Constanze<\/strong><\/p>\n<p>Seit 1994 arbeite ich mit viel Freude als Arzthelferin in verschiedenen Fachrichtungen, nach dem ich zu vor den Beruf einer Krankenschwester erlernt habe.<\/p>\n<p>&nbsp;<\/p>\n<p>&nbsp;<\/p>\n<p>&nbsp;<\/p>\n<p><img loading=\"lazy\" decoding=\"async\" class=\"alignleft wp-image-487 size-medium\" style=\"margin-top: 0.857143rem; margin-right: 1.71429rem; margin-bottom: 0.857143rem;\" src=\"https:\/\/xn--hausarztpraxis-am-mhlenfliess-3bd.de\/wp-content\/uploads\/2022\/01\/wei002-scaled-e1641120000410-300x295.jpg\" alt=\"\" width=\"300\" height=\"295\" srcset=\"https:\/\/xn--hausarztpraxis-am-mhlenfliess-3bd.de\/wp-content\/uploads\/2022\/01\/wei002-scaled-e1641120000410-300x295.jpg 300w, https:\/\/xn--hausarztpraxis-am-mhlenfliess-3bd.de\/wp-content\/uploads\/2022\/01\/wei002-scaled-e1641120000410-1024x1006.jpg 1024w, https:\/\/xn--hausarztpraxis-am-mhlenfliess-3bd.de\/wp-content\/uploads\/2022\/01\/wei002-scaled-e1641120000410-768x754.jpg 768w, https:\/\/xn--hausarztpraxis-am-mhlenfliess-3bd.de\/wp-content\/uploads\/2022\/01\/wei002-scaled-e1641120000410-1536x1509.jpg 1536w, https:\/\/xn--hausarztpraxis-am-mhlenfliess-3bd.de\/wp-content\/uploads\/2022\/01\/wei002-scaled-e1641120000410-624x613.jpg 624w, https:\/\/xn--hausarztpraxis-am-mhlenfliess-3bd.de\/wp-content\/uploads\/2022\/01\/wei002-scaled-e1641120000410-60x60.jpg 60w, https:\/\/xn--hausarztpraxis-am-mhlenfliess-3bd.de\/wp-content\/uploads\/2022\/01\/wei002-scaled-e1641120000410.jpg 1849w\" sizes=\"auto, (max-width: 300px) 100vw, 300px\" \/><\/p>\n<p><strong>Schwester Madeleine<\/strong><\/p>\n<p>Meine Ausbildung als Arzthelferin habe ich 2002 abgeschlossen. Dabei war ich unter anderem auch in einer chirurgischen Arztpraxis t\u00e4tig. In den letzten Jahren lag mein T\u00e4tigkeitsschwerpunkt allerdings in der Altenpflege und dabei insbesondere in der Betreuung von Menschen mit Demenzerkrankungen.<\/p>\n","protected":false},"excerpt":{"rendered":"<p>Unser Praxisteam &#8211; Geschultes Fachpersonal f\u00fcr Ihre Gesundheit \u00a0 Dr. med. Katharina Weinert Seit 2016 bin ich Fach\u00e4rztin f\u00fcr Allgemeinmedizin und habe\u00a0 im M\u00e4rz 2017 diese Praxis in Fredersdorf gegr\u00fcndet,&#8230; <a href=\"https:\/\/xn--hausarztpraxis-am-mhlenfliess-3bd.de\/?page_id=8\">Read more &raquo;<\/a><\/p>\n","protected":false},"author":1,"featured_media":0,"parent":0,"menu_order":3,"comment_status":"closed","ping_status":"closed","template":"","meta":{"footnotes":""},"class_list":["post-8","page","type-page","status-publish","hentry"],"_links":{"self":[{"href":"https:\/\/xn--hausarztpraxis-am-mhlenfliess-3bd.de\/index.php?rest_route=\/wp\/v2\/pages\/8","targetHints":{"allow":["GET"]}}],"collection":[{"href":"https:\/\/xn--hausarztpraxis-am-mhlenfliess-3bd.de\/index.php?rest_route=\/wp\/v2\/pages"}],"about":[{"href":"https:\/\/xn--hausarztpraxis-am-mhlenfliess-3bd.de\/index.php?rest_route=\/wp\/v2\/types\/page"}],"author":[{"embeddable":true,"href":"https:\/\/xn--hausarztpraxis-am-mhlenfliess-3bd.de\/index.php?rest_route=\/wp\/v2\/users\/1"}],"replies":[{"embeddable":true,"href":"https:\/\/xn--hausarztpraxis-am-mhlenfliess-3bd.de\/index.php?rest_route=%2Fwp%2Fv2%2Fcomments&post=8"}],"version-history":[{"count":61,"href":"https:\/\/xn--hausarztpraxis-am-mhlenfliess-3bd.de\/index.php?rest_route=\/wp\/v2\/pages\/8\/revisions"}],"predecessor-version":[{"id":665,"href":"https:\/\/xn--hausarztpraxis-am-mhlenfliess-3bd.de\/index.php?rest_route=\/wp\/v2\/pages\/8\/revisions\/665"}],"wp:attachment":[{"href":"https:\/\/xn--hausarztpraxis-am-mhlenfliess-3bd.de\/index.php?rest_route=%2Fwp%2Fv2%2Fmedia&parent=8"}],"curies":[{"name":"wp","href":"https:\/\/api.w.org\/{rel}","templated":true}]}}