{"id":6,"date":"2016-12-04T14:05:28","date_gmt":"2016-12-04T14:05:28","guid":{"rendered":"http:\/\/xn--hausarztpraxis-am-mhlenfliess-3bd.de\/?page_id=6"},"modified":"2026-04-17T08:12:15","modified_gmt":"2026-04-17T07:12:15","slug":"aktuelles","status":"publish","type":"page","link":"https:\/\/xn--hausarztpraxis-am-mhlenfliess-3bd.de\/","title":{"rendered":"Aktuelles"},"content":{"rendered":"<h1 style=\"text-align: center;\"><span style=\"color: #800000;\"><strong>Herzlich Willkommen auf der Seiten der Hausarztpraxis am M\u00fchlenfliess. Wir freuen uns, dass Sie den Weg zu uns gefunden haben. Auf den folgenden Seiten finden Sie Informationen zum Leistungsspektrum und Praxisteam, sowie zu den \u00d6ffnungs- und Urlaubszeiten der Praxis. Sollten Sie dar\u00fcber hinaus noch Fragen haben, rufen Sie uns bitte gern an oder schreiben Sie uns eine Mail. <\/strong><\/span><\/h1>\n<h1 style=\"text-align: center;\"><span style=\"color: #800000;\"><strong>Ihr Praxisteam<\/strong><\/span><span style=\"color: #993366;\">\u00a0<\/span><\/h1>\n<div class=\"n module-type-text diyfeLiveArea \">\n<div class=\"n\">\n<h4 style=\"text-align: center;\"><span style=\"color: #ff0000;\">Werte Patienten, bitte rufen Sie weiterhin in der Praxis an oder schreiben Sie uns eine Mail, bevor Sie sich auf den Weg zu uns machen. Patientinnen und Patienten mit jeglichen Infektsymptomen (Husten, Halsschmerzen, Schnupfen, Durchfall, Fieber) werden weiterhin gebeten eine Maske in unserer Praxis zu tragen!<\/span><\/h4>\n<h4 style=\"text-align: left;\"><span style=\"color: #000000;\">Tel: 033439\/515470<\/span><\/h4>\n<h4>Fax: 033439\/515472<\/h4>\n<h4>Email: mail@hausarztpraxis-am-m\u00fchlenfliess.de<\/h4>\n<\/div>\n<\/div>\n<h3><span style=\"color: #993366;\">Was tun au\u00dferhalb der Sprechzeiten?<\/span><\/h3>\n<h4><span style=\"color: #993366;\">In dringenden gesundheitlichen Anliegen, die nicht bis zum n\u00e4chsten Werktag warten k\u00f6nnen, kontaktieren Sie entweder den kassen\u00e4rztlichen Bereitschaftsdienst (116 117) oder fahren in die Bereitschaftsdienstpraxis am Krankenhaus R\u00fcdersdorf. In medizinischen Notf\u00e4llen rufen Sie den Rettungsdienst (112).<\/span><\/h4>\n<h4><span style=\"color: #339966;\">Wir sind eine Lehrpraxis der Medizinischen Hochschule Brandenburg und bilden auch \u00c4rztinnen und \u00c4rzte im Fach Allgemeinmedizin weiter. Wir sind stolz und froh dar\u00fcber (angehenden)\u00a0 KollegInnen und Kollegen die M\u00f6glichkeit zu geben in unserer Praxis zu lernen. Aus- und Weiterbildung sichert die haus\u00e4rztliche Versorgung der Zukunft!<\/span><\/h4>\n<p>&nbsp;<\/p>\n<p><img loading=\"lazy\" decoding=\"async\" class=\"wp-image-162 alignleft\" src=\"https:\/\/xn--hausarztpraxis-am-mhlenfliess-3bd.de\/wp-content\/uploads\/2017\/07\/weinert14-DSC_5838-300x217.jpg\" alt=\"\" width=\"365\" height=\"264\" srcset=\"https:\/\/xn--hausarztpraxis-am-mhlenfliess-3bd.de\/wp-content\/uploads\/2017\/07\/weinert14-DSC_5838-300x217.jpg 300w, https:\/\/xn--hausarztpraxis-am-mhlenfliess-3bd.de\/wp-content\/uploads\/2017\/07\/weinert14-DSC_5838-768x555.jpg 768w, https:\/\/xn--hausarztpraxis-am-mhlenfliess-3bd.de\/wp-content\/uploads\/2017\/07\/weinert14-DSC_5838-1024x739.jpg 1024w, https:\/\/xn--hausarztpraxis-am-mhlenfliess-3bd.de\/wp-content\/uploads\/2017\/07\/weinert14-DSC_5838-624x451.jpg 624w\" sizes=\"auto, (max-width: 365px) 100vw, 365px\" \/><\/p>\n","protected":false},"excerpt":{"rendered":"<p>Herzlich Willkommen auf der Seiten der Hausarztpraxis am M\u00fchlenfliess. Wir freuen uns, dass Sie den Weg zu uns gefunden haben. Auf den folgenden Seiten finden Sie Informationen zum Leistungsspektrum und&#8230; <a href=\"https:\/\/xn--hausarztpraxis-am-mhlenfliess-3bd.de\/\">Read more &raquo;<\/a><\/p>\n","protected":false},"author":1,"featured_media":0,"parent":0,"menu_order":1,"comment_status":"closed","ping_status":"closed","template":"","meta":{"footnotes":""},"class_list":["post-6","page","type-page","status-publish","hentry"],"_links":{"self":[{"href":"https:\/\/xn--hausarztpraxis-am-mhlenfliess-3bd.de\/index.php?rest_route=\/wp\/v2\/pages\/6","targetHints":{"allow":["GET"]}}],"collection":[{"href":"https:\/\/xn--hausarztpraxis-am-mhlenfliess-3bd.de\/index.php?rest_route=\/wp\/v2\/pages"}],"about":[{"href":"https:\/\/xn--hausarztpraxis-am-mhlenfliess-3bd.de\/index.php?rest_route=\/wp\/v2\/types\/page"}],"author":[{"embeddable":true,"href":"https:\/\/xn--hausarztpraxis-am-mhlenfliess-3bd.de\/index.php?rest_route=\/wp\/v2\/users\/1"}],"replies":[{"embeddable":true,"href":"https:\/\/xn--hausarztpraxis-am-mhlenfliess-3bd.de\/index.php?rest_route=%2Fwp%2Fv2%2Fcomments&post=6"}],"version-history":[{"count":116,"href":"https:\/\/xn--hausarztpraxis-am-mhlenfliess-3bd.de\/index.php?rest_route=\/wp\/v2\/pages\/6\/revisions"}],"predecessor-version":[{"id":668,"href":"https:\/\/xn--hausarztpraxis-am-mhlenfliess-3bd.de\/index.php?rest_route=\/wp\/v2\/pages\/6\/revisions\/668"}],"wp:attachment":[{"href":"https:\/\/xn--hausarztpraxis-am-mhlenfliess-3bd.de\/index.php?rest_route=%2Fwp%2Fv2%2Fmedia&parent=6"}],"curies":[{"name":"wp","href":"https:\/\/api.w.org\/{rel}","templated":true}]}}