{"id":14,"date":"2016-12-04T14:08:15","date_gmt":"2016-12-04T13:08:15","guid":{"rendered":"http:\/\/xn--hausarztpraxis-am-mhlenfliess-3bd.de\/?page_id=14"},"modified":"2018-10-03T10:38:42","modified_gmt":"2018-10-03T09:38:42","slug":"unsere-kontaktdaten","status":"publish","type":"page","link":"https:\/\/xn--hausarztpraxis-am-mhlenfliess-3bd.de\/?page_id=14","title":{"rendered":"Kontakt"},"content":{"rendered":"<p>Dr. med. Katharina Weinert, Fach\u00e4rztin fu\u0308r Allgemeinmedizin<br \/>\nBr\u00fcckenstrasse 7<br \/>\n15370 Fredersdorf-Vogelsdorf<\/p>\n<p>Tel.: 033439 \/ 515470<\/p>\n<p>Fax: 033439 \/ 515472<\/p>\n<p>Mail: mail@hausarztpraxis-am-m\u00fchlenfliess.de<\/p>\n<p>&nbsp;<\/p>\n<p><strong>Berufsrechtliche Angaben<\/strong><\/p>\n<p>Zust\u00e4ndige Kassen\u00e4rztliche Vereinigung: KV Brandenburg<\/p>\n<p>Die Berufsbezeichnung &#8222;\u00c4rztin&#8220; ist Dr. Katharina Weinert von der Bundesrepublik Deutschland verliehen worden.<\/p>\n<p>Fachgruppe: Allgemeinmedizin<\/p>\n<p>Die zusta\u0308ndige Aufsichtsbeho\u0308rde ist die Landesa\u0308rztekammer Brandenburg (<a href=\"https:\/\/www.laekb.de\">zur Webseite<\/a>)<br \/>\nDie geltende Berufsordnung findet man unter <a href=\"https:\/\/www.laekb.de\/www\/website\/design\/downloadcenter\/?DownloadFolderID=144F984777F\">https:\/\/www.laekb.de\/www\/website\/design\/downloadcenter\/?DownloadFolderID=144F984777F<\/a><\/p>\n<p>Inhaltlich Verantwortlicher gema\u0308\u00df \u00a7 55 Abs. 2 RStV:<br \/>\nDr. Katharina Weinert<\/p>\n","protected":false},"excerpt":{"rendered":"<p>Dr. med. Katharina Weinert, Fach\u00e4rztin fu\u0308r Allgemeinmedizin Br\u00fcckenstrasse 7 15370 Fredersdorf-Vogelsdorf Tel.: 033439 \/ 515470 Fax: 033439 \/ 515472 Mail: mail@hausarztpraxis-am-m\u00fchlenfliess.de &nbsp; Berufsrechtliche Angaben Zust\u00e4ndige Kassen\u00e4rztliche Vereinigung: KV Brandenburg Die&#8230; <a href=\"https:\/\/xn--hausarztpraxis-am-mhlenfliess-3bd.de\/?page_id=14\">Read more &raquo;<\/a><\/p>\n","protected":false},"author":1,"featured_media":0,"parent":0,"menu_order":7,"comment_status":"closed","ping_status":"closed","template":"","meta":{"footnotes":""},"class_list":["post-14","page","type-page","status-publish","hentry"],"_links":{"self":[{"href":"https:\/\/xn--hausarztpraxis-am-mhlenfliess-3bd.de\/index.php?rest_route=\/wp\/v2\/pages\/14","targetHints":{"allow":["GET"]}}],"collection":[{"href":"https:\/\/xn--hausarztpraxis-am-mhlenfliess-3bd.de\/index.php?rest_route=\/wp\/v2\/pages"}],"about":[{"href":"https:\/\/xn--hausarztpraxis-am-mhlenfliess-3bd.de\/index.php?rest_route=\/wp\/v2\/types\/page"}],"author":[{"embeddable":true,"href":"https:\/\/xn--hausarztpraxis-am-mhlenfliess-3bd.de\/index.php?rest_route=\/wp\/v2\/users\/1"}],"replies":[{"embeddable":true,"href":"https:\/\/xn--hausarztpraxis-am-mhlenfliess-3bd.de\/index.php?rest_route=%2Fwp%2Fv2%2Fcomments&post=14"}],"version-history":[{"count":6,"href":"https:\/\/xn--hausarztpraxis-am-mhlenfliess-3bd.de\/index.php?rest_route=\/wp\/v2\/pages\/14\/revisions"}],"predecessor-version":[{"id":82,"href":"https:\/\/xn--hausarztpraxis-am-mhlenfliess-3bd.de\/index.php?rest_route=\/wp\/v2\/pages\/14\/revisions\/82"}],"wp:attachment":[{"href":"https:\/\/xn--hausarztpraxis-am-mhlenfliess-3bd.de\/index.php?rest_route=%2Fwp%2Fv2%2Fmedia&parent=14"}],"curies":[{"name":"wp","href":"https:\/\/api.w.org\/{rel}","templated":true}]}}