{"id":12,"date":"2016-12-04T14:07:53","date_gmt":"2016-12-04T14:07:53","guid":{"rendered":"http:\/\/xn--hausarztpraxis-am-mhlenfliess-3bd.de\/?page_id=12"},"modified":"2026-01-03T18:10:25","modified_gmt":"2026-01-03T17:10:25","slug":"unsere-oeffnungszeiten","status":"publish","type":"page","link":"https:\/\/xn--hausarztpraxis-am-mhlenfliess-3bd.de\/?page_id=12","title":{"rendered":"\u00d6ffnungszeiten"},"content":{"rendered":"<p><strong>Sprechstundenzeiten:<\/strong><\/p>\n<p>Montag\u00a0\u00a0 9:00 &#8211; 13:00 Uhr<\/p>\n<p>Dienstag\u00a0 \u00a09:00 &#8211; 13:00 Uhr und 14:00-18:00 Uhr<\/p>\n<p>Mittwoch\u00a0 \u00a09:00 &#8211; 13:00 Uhr<\/p>\n<p>Donnerstag\u00a0 \u00a09:00 &#8211; 11:00 Uhr und 14:00 &#8211; 18:00 Uhr<\/p>\n<p>Freitag\u00a0 \u00a09:00 &#8211; 13:00 Uhr<\/p>\n<p>Und nach individueller Vereinbarung.<\/p>\n<p>Wir organisieren unsere Sprechzeiten intern nach akuten Anliegen, Infekten und Terminen mit mehr Zeitbedarf. Daher ist es zwingend erforderlich, dass Sie einen <strong>Termin vereinbaren (per Telefon oder Email, f\u00fcr HZV-Patienten auch online).\u00a0<\/strong><\/p>\n<p>Eine <strong>\u00a0Akutsprechstunde<\/strong> findet immer Mo, Di, Mi, Do und Frei von 9:00\u00a0 bis 10:00 Uhr statt. Diese Sprechzeit ist f\u00fcr Patienten mit gesundheitlichen Beschwerden, die tagesaktuell behandelt werden m\u00fcssen. F\u00fcr alle anderen Anliegen, wie z.B. Atteste, Kontrollen chronischer Erkrankungen, Impfberatungen oder Gesundheitsuntersuchungen werden wir gesonderte Termine vereinbaren. Im <strong>Notfall<\/strong>, das hei\u00dft z.B. akute Luftnot, starke Herzschmerzen oder pl\u00f6tzliche L\u00e4hmungserscheinungen, rufen Sie\u00a0 gleich den Rettungsdienst unter 112 an.<\/p>\n<p>F\u00fcr Blutentnahmen, Anfragen, Abholung von Rezepten und \u00dcberweisungen sind wir bereits ab 8:00 Uhr f\u00fcr Sie da. Haus- und Heimbesuche erfolgen nach vorheriger Absprache.<\/p>\n<h3>Urlaubszeiten:<\/h3>\n<p>An folgenden Tagen findet 2026 aufgrund von Urlaub oder Fortbildungen keine Sprechstunde statt:<\/p>\n<p>02.02.26\u00a0 bis\u00a0 06.02.2026<\/p>\n<p>05.06.2026<\/p>\n<p>17.08.26\u00a0 bis\u00a0 21.08.2026<\/p>\n<p>26.10.26 bis 30.10.2026<\/p>\n<p>Die <strong>haus\u00e4rztliche Vertretung<\/strong> in diesen Zeiten \u00fcbernimmt:<\/p>\n<p>Hausarztpraxis Marina Hentschel, Beethovenstra\u00dfe 17, 15370 Fredersdorf-Vogelsdorf.<\/p>\n<p><strong>Bitte beachten Sie<\/strong>, <strong>dass es auch kurzfristig \u00c4nderungen in unseren Sprechstundenzeiten geben kann &#8211; insbesondere in den Zeiten der Schulferien, k\u00f6nnen die Sprechstundenzeiten eingeschr\u00e4nkt sein. Wir werden Sie dar\u00fcber hier auf der Homepage, \u00fcber Aush\u00e4nge in der Praxis und unseren Anrufbeantworter informieren.<\/strong><\/p>\n","protected":false},"excerpt":{"rendered":"<p>Sprechstundenzeiten: Montag\u00a0\u00a0 9:00 &#8211; 13:00 Uhr Dienstag\u00a0 \u00a09:00 &#8211; 13:00 Uhr und 14:00-18:00 Uhr Mittwoch\u00a0 \u00a09:00 &#8211; 13:00 Uhr Donnerstag\u00a0 \u00a09:00 &#8211; 11:00 Uhr und 14:00 &#8211; 18:00 Uhr Freitag\u00a0&#8230; <a href=\"https:\/\/xn--hausarztpraxis-am-mhlenfliess-3bd.de\/?page_id=12\">Read more &raquo;<\/a><\/p>\n","protected":false},"author":1,"featured_media":0,"parent":0,"menu_order":5,"comment_status":"closed","ping_status":"closed","template":"","meta":{"footnotes":""},"class_list":["post-12","page","type-page","status-publish","hentry"],"_links":{"self":[{"href":"https:\/\/xn--hausarztpraxis-am-mhlenfliess-3bd.de\/index.php?rest_route=\/wp\/v2\/pages\/12","targetHints":{"allow":["GET"]}}],"collection":[{"href":"https:\/\/xn--hausarztpraxis-am-mhlenfliess-3bd.de\/index.php?rest_route=\/wp\/v2\/pages"}],"about":[{"href":"https:\/\/xn--hausarztpraxis-am-mhlenfliess-3bd.de\/index.php?rest_route=\/wp\/v2\/types\/page"}],"author":[{"embeddable":true,"href":"https:\/\/xn--hausarztpraxis-am-mhlenfliess-3bd.de\/index.php?rest_route=\/wp\/v2\/users\/1"}],"replies":[{"embeddable":true,"href":"https:\/\/xn--hausarztpraxis-am-mhlenfliess-3bd.de\/index.php?rest_route=%2Fwp%2Fv2%2Fcomments&post=12"}],"version-history":[{"count":33,"href":"https:\/\/xn--hausarztpraxis-am-mhlenfliess-3bd.de\/index.php?rest_route=\/wp\/v2\/pages\/12\/revisions"}],"predecessor-version":[{"id":652,"href":"https:\/\/xn--hausarztpraxis-am-mhlenfliess-3bd.de\/index.php?rest_route=\/wp\/v2\/pages\/12\/revisions\/652"}],"wp:attachment":[{"href":"https:\/\/xn--hausarztpraxis-am-mhlenfliess-3bd.de\/index.php?rest_route=%2Fwp%2Fv2%2Fmedia&parent=12"}],"curies":[{"name":"wp","href":"https:\/\/api.w.org\/{rel}","templated":true}]}}